{"id":6134,"date":"2017-10-06T14:21:37","date_gmt":"2017-10-06T13:21:37","guid":{"rendered":"https:\/\/www.domovanje.com\/blog\/?page_id=6134"},"modified":"2024-08-13T08:24:26","modified_gmt":"2024-08-13T07:24:26","slug":"kontakt","status":"publish","type":"page","link":"https:\/\/www.domovanje.com\/blog\/kontakt\/","title":{"rendered":"Kontakt"},"content":{"rendered":"<header class=\"entry-header\">\n<p class=\"entry-title\">T: +386 (0)1 77 77 888<\/p>\n<\/header>\n<div class=\"entry-content\">\n<p>E: <a href=\"mailto:podpora@domovanje.com\">podpora@domovanje.com<\/a><\/p>\n<p>&nbsp;<\/p>\n<h6><strong>Webtasy, d.o.o.<\/strong><\/h6>\n<p>Dunajska cesta 110<br \/>\nSI-1000 Ljubljana<\/p>\n<h6>Splo\u0161ni podatki podjetja<\/h6>\n<p>DDV ID \u0161tevilka: SI38077736<br \/>\nZavezanec za DDV: DA<br \/>\nMati\u010dna \u0161tevilka: 1883763000<br \/>\nDirektor: Toma\u017e Ko\u0161tial, Matija Jekovec<br \/>\nOsnovni kapital: 13.812,55 EUR<br \/>\nSrg: 2002\/02234<br \/>\n\u0160t. vlo\u017eka: 1\/07167\/00<br \/>\nTRR: SI56 6100 0002 4238 319 (DH d.d.)<\/p>\n<\/div>\n","protected":false},"excerpt":{"rendered":"<p>T: +386 (0)1 77 77 888 E: podpora@domovanje.com &nbsp; Webtasy, d.o.o. Dunajska cesta 110 SI-1000 Ljubljana Splo\u0161ni podatki podjetja DDV ID \u0161tevilka: SI38077736 Zavezanec za DDV: DA Mati\u010dna \u0161tevilka: 1883763000 Direktor: Toma\u017e Ko\u0161tial, Matija Jekovec Osnovni kapital: 13.812,55 EUR Srg: 2002\/02234 \u0160t. vlo\u017eka: 1\/07167\/00 TRR: SI56 6100 0002 4238 319 (DH d.d.)<\/p>\n","protected":false},"author":18,"featured_media":0,"parent":0,"menu_order":0,"comment_status":"closed","ping_status":"closed","template":"","meta":{"footnotes":""},"class_list":["post-6134","page","type-page","status-publish","hentry"],"yoast_head":"<!-- This site is optimized with the Yoast SEO plugin v27.4 - https:\/\/yoast.com\/product\/yoast-seo-wordpress\/ -->\n<title>Kontakt - Domovanje.com Blog<\/title>\n<meta name=\"robots\" content=\"index, follow, max-snippet:-1, max-image-preview:large, max-video-preview:-1\" \/>\n<link rel=\"canonical\" href=\"https:\/\/www.domovanje.com\/blog\/kontakt\/\" \/>\n<meta property=\"og:locale\" content=\"sl_SI\" \/>\n<meta property=\"og:type\" content=\"article\" \/>\n<meta property=\"og:title\" content=\"Kontakt - Domovanje.com Blog\" \/>\n<meta property=\"og:description\" content=\"T: +386 (0)1 77 77 888 E: podpora@domovanje.com &nbsp; Webtasy, d.o.o. Dunajska cesta 110 SI-1000 Ljubljana Splo\u0161ni podatki podjetja DDV ID \u0161tevilka: SI38077736 Zavezanec za DDV: DA Mati\u010dna \u0161tevilka: 1883763000 Direktor: Toma\u017e Ko\u0161tial, Matija Jekovec Osnovni kapital: 13.812,55 EUR Srg: 2002\/02234 \u0160t. vlo\u017eka: 1\/07167\/00 TRR: SI56 6100 0002 4238 319 (DH d.d.)\" \/>\n<meta property=\"og:url\" content=\"https:\/\/www.domovanje.com\/blog\/kontakt\/\" \/>\n<meta property=\"og:site_name\" content=\"Domovanje.com Blog\" \/>\n<meta property=\"article:publisher\" content=\"https:\/\/www.facebook.com\/domovanje\" \/>\n<meta property=\"article:modified_time\" content=\"2024-08-13T07:24:26+00:00\" \/>\n<meta name=\"twitter:card\" content=\"summary_large_image\" \/>\n<meta name=\"twitter:label1\" content=\"Est. reading time\" \/>\n\t<meta name=\"twitter:data1\" content=\"1 minuta\" \/>\n<script type=\"application\/ld+json\" class=\"yoast-schema-graph\">{\"@context\":\"https:\\\/\\\/schema.org\",\"@graph\":[{\"@type\":\"WebPage\",\"@id\":\"https:\\\/\\\/www.domovanje.com\\\/blog\\\/kontakt\\\/\",\"url\":\"https:\\\/\\\/www.domovanje.com\\\/blog\\\/kontakt\\\/\",\"name\":\"Kontakt - Domovanje.com Blog\",\"isPartOf\":{\"@id\":\"https:\\\/\\\/www.domovanje.com\\\/blog\\\/#website\"},\"datePublished\":\"2017-10-06T13:21:37+00:00\",\"dateModified\":\"2024-08-13T07:24:26+00:00\",\"breadcrumb\":{\"@id\":\"https:\\\/\\\/www.domovanje.com\\\/blog\\\/kontakt\\\/#breadcrumb\"},\"inLanguage\":\"sl-SI\",\"potentialAction\":[{\"@type\":\"ReadAction\",\"target\":[\"https:\\\/\\\/www.domovanje.com\\\/blog\\\/kontakt\\\/\"]}]},{\"@type\":\"BreadcrumbList\",\"@id\":\"https:\\\/\\\/www.domovanje.com\\\/blog\\\/kontakt\\\/#breadcrumb\",\"itemListElement\":[{\"@type\":\"ListItem\",\"position\":1,\"name\":\"Home\",\"item\":\"https:\\\/\\\/www.domovanje.com\\\/blog\\\/\"},{\"@type\":\"ListItem\",\"position\":2,\"name\":\"Kontakt\"}]},{\"@type\":\"WebSite\",\"@id\":\"https:\\\/\\\/www.domovanje.com\\\/blog\\\/#website\",\"url\":\"https:\\\/\\\/www.domovanje.com\\\/blog\\\/\",\"name\":\"Domovanje.com Blog\",\"description\":\"Domovanje.com Blog\",\"publisher\":{\"@id\":\"https:\\\/\\\/www.domovanje.com\\\/blog\\\/#organization\"},\"potentialAction\":[{\"@type\":\"SearchAction\",\"target\":{\"@type\":\"EntryPoint\",\"urlTemplate\":\"https:\\\/\\\/www.domovanje.com\\\/blog\\\/?s={search_term_string}\"},\"query-input\":{\"@type\":\"PropertyValueSpecification\",\"valueRequired\":true,\"valueName\":\"search_term_string\"}}],\"inLanguage\":\"sl-SI\"},{\"@type\":\"Organization\",\"@id\":\"https:\\\/\\\/www.domovanje.com\\\/blog\\\/#organization\",\"name\":\"Webtasy, d.o.o.\",\"url\":\"https:\\\/\\\/www.domovanje.com\\\/blog\\\/\",\"logo\":{\"@type\":\"ImageObject\",\"inLanguage\":\"sl-SI\",\"@id\":\"https:\\\/\\\/www.domovanje.com\\\/blog\\\/#\\\/schema\\\/logo\\\/image\\\/\",\"url\":\"https:\\\/\\\/www.domovanje.com\\\/blog\\\/wp-content\\\/uploads\\\/2018\\\/03\\\/domovanje_blog_250x68-b.png\",\"contentUrl\":\"https:\\\/\\\/www.domovanje.com\\\/blog\\\/wp-content\\\/uploads\\\/2018\\\/03\\\/domovanje_blog_250x68-b.png\",\"width\":250,\"height\":80,\"caption\":\"Webtasy, d.o.o.\"},\"image\":{\"@id\":\"https:\\\/\\\/www.domovanje.com\\\/blog\\\/#\\\/schema\\\/logo\\\/image\\\/\"},\"sameAs\":[\"https:\\\/\\\/www.facebook.com\\\/domovanje\"]}]}<\/script>\n<!-- \/ Yoast SEO plugin. -->","yoast_head_json":{"title":"Kontakt - Domovanje.com Blog","robots":{"index":"index","follow":"follow","max-snippet":"max-snippet:-1","max-image-preview":"max-image-preview:large","max-video-preview":"max-video-preview:-1"},"canonical":"https:\/\/www.domovanje.com\/blog\/kontakt\/","og_locale":"sl_SI","og_type":"article","og_title":"Kontakt - Domovanje.com Blog","og_description":"T: +386 (0)1 77 77 888 E: podpora@domovanje.com &nbsp; Webtasy, d.o.o. Dunajska cesta 110 SI-1000 Ljubljana Splo\u0161ni podatki podjetja DDV ID \u0161tevilka: SI38077736 Zavezanec za DDV: DA Mati\u010dna \u0161tevilka: 1883763000 Direktor: Toma\u017e Ko\u0161tial, Matija Jekovec Osnovni kapital: 13.812,55 EUR Srg: 2002\/02234 \u0160t. vlo\u017eka: 1\/07167\/00 TRR: SI56 6100 0002 4238 319 (DH d.d.)","og_url":"https:\/\/www.domovanje.com\/blog\/kontakt\/","og_site_name":"Domovanje.com Blog","article_publisher":"https:\/\/www.facebook.com\/domovanje","article_modified_time":"2024-08-13T07:24:26+00:00","twitter_card":"summary_large_image","twitter_misc":{"Est. reading time":"1 minuta"},"schema":{"@context":"https:\/\/schema.org","@graph":[{"@type":"WebPage","@id":"https:\/\/www.domovanje.com\/blog\/kontakt\/","url":"https:\/\/www.domovanje.com\/blog\/kontakt\/","name":"Kontakt - Domovanje.com Blog","isPartOf":{"@id":"https:\/\/www.domovanje.com\/blog\/#website"},"datePublished":"2017-10-06T13:21:37+00:00","dateModified":"2024-08-13T07:24:26+00:00","breadcrumb":{"@id":"https:\/\/www.domovanje.com\/blog\/kontakt\/#breadcrumb"},"inLanguage":"sl-SI","potentialAction":[{"@type":"ReadAction","target":["https:\/\/www.domovanje.com\/blog\/kontakt\/"]}]},{"@type":"BreadcrumbList","@id":"https:\/\/www.domovanje.com\/blog\/kontakt\/#breadcrumb","itemListElement":[{"@type":"ListItem","position":1,"name":"Home","item":"https:\/\/www.domovanje.com\/blog\/"},{"@type":"ListItem","position":2,"name":"Kontakt"}]},{"@type":"WebSite","@id":"https:\/\/www.domovanje.com\/blog\/#website","url":"https:\/\/www.domovanje.com\/blog\/","name":"Domovanje.com Blog","description":"Domovanje.com Blog","publisher":{"@id":"https:\/\/www.domovanje.com\/blog\/#organization"},"potentialAction":[{"@type":"SearchAction","target":{"@type":"EntryPoint","urlTemplate":"https:\/\/www.domovanje.com\/blog\/?s={search_term_string}"},"query-input":{"@type":"PropertyValueSpecification","valueRequired":true,"valueName":"search_term_string"}}],"inLanguage":"sl-SI"},{"@type":"Organization","@id":"https:\/\/www.domovanje.com\/blog\/#organization","name":"Webtasy, d.o.o.","url":"https:\/\/www.domovanje.com\/blog\/","logo":{"@type":"ImageObject","inLanguage":"sl-SI","@id":"https:\/\/www.domovanje.com\/blog\/#\/schema\/logo\/image\/","url":"https:\/\/www.domovanje.com\/blog\/wp-content\/uploads\/2018\/03\/domovanje_blog_250x68-b.png","contentUrl":"https:\/\/www.domovanje.com\/blog\/wp-content\/uploads\/2018\/03\/domovanje_blog_250x68-b.png","width":250,"height":80,"caption":"Webtasy, d.o.o."},"image":{"@id":"https:\/\/www.domovanje.com\/blog\/#\/schema\/logo\/image\/"},"sameAs":["https:\/\/www.facebook.com\/domovanje"]}]}},"_links":{"self":[{"href":"https:\/\/www.domovanje.com\/blog\/wp-json\/wp\/v2\/pages\/6134","targetHints":{"allow":["GET"]}}],"collection":[{"href":"https:\/\/www.domovanje.com\/blog\/wp-json\/wp\/v2\/pages"}],"about":[{"href":"https:\/\/www.domovanje.com\/blog\/wp-json\/wp\/v2\/types\/page"}],"author":[{"embeddable":true,"href":"https:\/\/www.domovanje.com\/blog\/wp-json\/wp\/v2\/users\/18"}],"replies":[{"embeddable":true,"href":"https:\/\/www.domovanje.com\/blog\/wp-json\/wp\/v2\/comments?post=6134"}],"version-history":[{"count":3,"href":"https:\/\/www.domovanje.com\/blog\/wp-json\/wp\/v2\/pages\/6134\/revisions"}],"predecessor-version":[{"id":6894,"href":"https:\/\/www.domovanje.com\/blog\/wp-json\/wp\/v2\/pages\/6134\/revisions\/6894"}],"wp:attachment":[{"href":"https:\/\/www.domovanje.com\/blog\/wp-json\/wp\/v2\/media?parent=6134"}],"curies":[{"name":"wp","href":"https:\/\/api.w.org\/{rel}","templated":true}]}}